{"id":431,"date":"2023-10-26T22:03:11","date_gmt":"2023-10-26T22:03:11","guid":{"rendered":"https:\/\/agrotan.com\/?post_type=product&#038;p=431"},"modified":"2023-11-03T13:48:05","modified_gmt":"2023-11-03T13:48:05","slug":"solido","status":"publish","type":"product","link":"https:\/\/agrotan.com\/index.php\/producto\/solido\/","title":{"rendered":"S\u00d3LIDOS"},"content":{"rendered":"<div  class='flex_column av-bqud5-e6ab293ccf85efbea1ed8ab326793813 av_one_fifth  avia-builder-el-0  el_before_av_one_fourth  avia-builder-el-first  first flex_column_div  '     ><\/div>\n<div  class='flex_column av-dwzmx-bba52dfe515e91c49e05ae68ca95619d av_one_fourth  avia-builder-el-1  el_after_av_one_fifth  el_before_av_one_third  flex_column_div  '     ><p>\n<style type=\"text\/css\" data-created_by=\"avia_inline_auto\" id=\"style-css-av-lmje4h9w-8656af9463d17dffb7b1cb7b057774ff\">\n#top .hr.hr-invisible.av-lmje4h9w-8656af9463d17dffb7b1cb7b057774ff{\nheight:50px;\n}\n<\/style>\n<div  class='hr av-lmje4h9w-8656af9463d17dffb7b1cb7b057774ff hr-invisible  avia-builder-el-2  el_before_av_slideshow  avia-builder-el-first '><span class='hr-inner '><span class=\"hr-inner-style\"><\/span><\/span><\/div><br \/>\n<div  class='avia-slideshow av-lmifk5ky-69b12f42dfcedac9c98f9cb8622b85e0 avia-slideshow-no scaling av_slideshow avia-slide-slider  avia-builder-el-3  el_after_av_hr  el_before_av_hr  av-slideshow-ui av-control-default av-slideshow-manual av-loop-once av-loop-manual-endless av-default-height-applied avia-slideshow-1' data-slideshow-options=\"{&quot;animation&quot;:&quot;slide&quot;,&quot;autoplay&quot;:false,&quot;loop_autoplay&quot;:&quot;once&quot;,&quot;interval&quot;:5,&quot;loop_manual&quot;:&quot;manual-endless&quot;,&quot;autoplay_stopper&quot;:false,&quot;noNavigation&quot;:false,&quot;bg_slider&quot;:false,&quot;keep_padding&quot;:false,&quot;hoverpause&quot;:false,&quot;show_slide_delay&quot;:0}\"  itemprop=\"image\" itemscope=\"itemscope\" itemtype=\"https:\/\/schema.org\/ImageObject\" ><ul class='avia-slideshow-inner ' style='padding-bottom: 120%;'><li  class='avia-slideshow-slide av-lmifk5ky-69b12f42dfcedac9c98f9cb8622b85e0__1  av-single-slide slide-1 slide-odd'><div data-rel='slideshow-1' class='avia-slide-wrap '   ><img decoding=\"async\" class=\"wp-image-432 avia-img-lazy-loading-not-432\"  src=\"https:\/\/agrotan.com\/wp-content\/uploads\/2023\/10\/producto-solido.png\" width=\"500\" height=\"600\" title='producto-solido' alt=''  itemprop=\"thumbnailUrl\" srcset=\"https:\/\/agrotan.com\/wp-content\/uploads\/2023\/10\/producto-solido.png 500w, https:\/\/agrotan.com\/wp-content\/uploads\/2023\/10\/producto-solido-200x240.png 200w, https:\/\/agrotan.com\/wp-content\/uploads\/2023\/10\/producto-solido-250x300.png 250w, https:\/\/agrotan.com\/wp-content\/uploads\/2023\/10\/producto-solido-450x540.png 450w\" sizes=\"(max-width: 500px) 100vw, 500px\" \/><\/div><\/li><\/ul><\/div><br \/>\n\n<style type=\"text\/css\" data-created_by=\"avia_inline_auto\" id=\"style-css-av-ar8q9-e9033c98c37af30c1c4f7c11397163fc\">\n#top .hr.hr-invisible.av-ar8q9-e9033c98c37af30c1c4f7c11397163fc{\nheight:20px;\n}\n<\/style>\n<div  class='hr av-ar8q9-e9033c98c37af30c1c4f7c11397163fc hr-invisible  avia-builder-el-4  el_after_av_slideshow  el_before_av_textblock '><span class='hr-inner '><span class=\"hr-inner-style\"><\/span><\/span><\/div><br \/>\n<section  class='av_textblock_section av-lmj8751r-39d7e0c8b7f956e9f90ca70ddcb0b76b '   itemscope=\"itemscope\" itemtype=\"https:\/\/schema.org\/CreativeWork\" ><div class='avia_textblock'  itemprop=\"text\" ><p style=\"text-align: center;\"><span style=\"color: #303030;\">Forma de salida: <\/span><br \/>\n<b><strong> 1 L\u00a0 \u00a0 \u00a05 L\u00a0 \u00a0 \u00a020 L\u00a0 \u00a0 \u00a0200 L\u00a0 \u00a0 \u00a01000 L<\/strong><\/b><\/p>\n<\/div><\/section><\/p><\/div>\n<div  class='flex_column av-blz7l-edbb829790af425a8e773ad24ef17b61 av_one_third  avia-builder-el-6  el_after_av_one_fourth  el_before_av_one_fifth  flex_column_div  '     ><p>\n<style type=\"text\/css\" data-created_by=\"avia_inline_auto\" id=\"style-css-av-lmj4g242-6798120b5339f08e23fc389658ec1c1e\">\n#top .av-special-heading.av-lmj4g242-6798120b5339f08e23fc389658ec1c1e{\npadding-bottom:10px;\ncolor:#a47a0f;\n}\nbody .av-special-heading.av-lmj4g242-6798120b5339f08e23fc389658ec1c1e .av-special-heading-tag .heading-char{\nfont-size:25px;\n}\n.av-special-heading.av-lmj4g242-6798120b5339f08e23fc389658ec1c1e .special-heading-inner-border{\nborder-color:#a47a0f;\n}\n.av-special-heading.av-lmj4g242-6798120b5339f08e23fc389658ec1c1e .av-subheading{\nfont-size:20px;\ncolor:#3a3a3a;\n}\n<\/style>\n<div  class='av-special-heading av-lmj4g242-6798120b5339f08e23fc389658ec1c1e av-special-heading-h1 custom-color-heading blockquote modern-quote  avia-builder-el-7  el_before_av_textblock  avia-builder-el-first '><h1 class='av-special-heading-tag'  itemprop=\"headline\"  >S\u00d3LIDO<\/h1><div class='av_custom_color av-subheading av-subheading_below'><p>BIOFERTILIZANTE<\/p>\n<\/div><div class=\"special-heading-border\"><div class=\"special-heading-inner-border\"><\/div><\/div><\/div><br \/>\n<section  class='av_textblock_section av-lmj4ia9o-2af9fc6c2ea17d63da1ab6dffd1e3ab7 '   itemscope=\"itemscope\" itemtype=\"https:\/\/schema.org\/CreativeWork\" ><div class='avia_textblock'  itemprop=\"text\" ><p>Nuestros productos s\u00f3lidos son a base de <strong>humus puro de lombriz<\/strong> o <strong>sustrato enriquecido<\/strong> que favorece la aireaci\u00f3n y absorci\u00f3n de nutrientes por las ra\u00edces de la planta.<br \/>\nTienen un alto contenido en <strong>materia org\u00e1nica, nutrientes y microorganismos<\/strong> beneficiosos.<\/p>\n<\/div><\/section><br \/>\n\n<style type=\"text\/css\" data-created_by=\"avia_inline_auto\" id=\"style-css-av-lmjfcai3-d94b4ccd0b06b0dee25d6c354879db4f\">\n#top .hr.hr-invisible.av-lmjfcai3-d94b4ccd0b06b0dee25d6c354879db4f{\nheight:20px;\n}\n<\/style>\n<div  class='hr av-lmjfcai3-d94b4ccd0b06b0dee25d6c354879db4f hr-invisible  avia-builder-el-9  el_after_av_textblock  el_before_av_textblock '><span class='hr-inner '><span class=\"hr-inner-style\"><\/span><\/span><\/div><br \/>\n<section  class='av_textblock_section av-lmjci0ku-62713e8010acda147a971223dd1e4f2f '   itemscope=\"itemscope\" itemtype=\"https:\/\/schema.org\/CreativeWork\" ><div class='avia_textblock'  itemprop=\"text\" ><h4><strong><span style=\"color: #a47a0f;\">EL OBJETIVO:<br \/>\n<\/span><\/strong><\/h4>\n<ul>\n<li>Recuperar y reforzar la red de nutrientes del suelo y su fertilidad.<\/li>\n<li>Mejorar la actividad microbiana necesaria y beneficiosa, que presente en la rizosfera participa en la transferencia de nutrientes a las ra\u00edces.<\/li>\n<li>Activar los ciclos biogeoqu\u00edmicos del suelo.<\/li>\n<li>Estimular la resistencia sist\u00e9mica adquirida (SAR), mecanismo natural de defensa de las plantas, contrarrestado la aparici\u00f3n y posibles efectos de pat\u00f3genos y par\u00e1sitos hospedadores.<\/li>\n<\/ul>\n<\/div><\/section><br \/>\n\n<style type=\"text\/css\" data-created_by=\"avia_inline_auto\" id=\"style-css-av-biyex-46caed9ec534780e9cc6c62d4a0a2331\">\n#top .hr.hr-invisible.av-biyex-46caed9ec534780e9cc6c62d4a0a2331{\nheight:20px;\n}\n<\/style>\n<div  class='hr av-biyex-46caed9ec534780e9cc6c62d4a0a2331 hr-invisible  avia-builder-el-11  el_after_av_textblock  avia-builder-el-last '><span class='hr-inner '><span class=\"hr-inner-style\"><\/span><\/span><\/div><\/p><\/div><div  class='flex_column av-a1su1-d989558bfeb2df4288b74e21990eb983 av_one_fifth  avia-builder-el-12  el_after_av_one_third  el_before_av_hr  flex_column_div  '     ><\/div><\/p>\n\n<style type=\"text\/css\" data-created_by=\"avia_inline_auto\" id=\"style-css-av-lmjferne-e11bc6f782e57edf968962612ad787f0\">\n#top .hr.hr-invisible.av-lmjferne-e11bc6f782e57edf968962612ad787f0{\nheight:80px;\n}\n<\/style>\n<div  class='hr av-lmjferne-e11bc6f782e57edf968962612ad787f0 hr-invisible  avia-builder-el-13  el_after_av_one_fifth  avia-builder-el-last '><span class='hr-inner '><span class=\"hr-inner-style\"><\/span><\/span><\/div>\n","protected":false},"excerpt":{"rendered":"","protected":false},"featured_media":432,"comment_status":"open","ping_status":"closed","template":"","meta":[],"product_brand":[],"product_cat":[18],"product_tag":[],"class_list":{"0":"post-431","1":"product","2":"type-product","3":"status-publish","4":"has-post-thumbnail","6":"product_cat-sin-categorizar","8":"first","9":"instock","10":"shipping-taxable","11":"product-type-simple"},"_links":{"self":[{"href":"https:\/\/agrotan.com\/index.php\/wp-json\/wp\/v2\/product\/431","targetHints":{"allow":["GET"]}}],"collection":[{"href":"https:\/\/agrotan.com\/index.php\/wp-json\/wp\/v2\/product"}],"about":[{"href":"https:\/\/agrotan.com\/index.php\/wp-json\/wp\/v2\/types\/product"}],"replies":[{"embeddable":true,"href":"https:\/\/agrotan.com\/index.php\/wp-json\/wp\/v2\/comments?post=431"}],"wp:featuredmedia":[{"embeddable":true,"href":"https:\/\/agrotan.com\/index.php\/wp-json\/wp\/v2\/media\/432"}],"wp:attachment":[{"href":"https:\/\/agrotan.com\/index.php\/wp-json\/wp\/v2\/media?parent=431"}],"wp:term":[{"taxonomy":"product_brand","embeddable":true,"href":"https:\/\/agrotan.com\/index.php\/wp-json\/wp\/v2\/product_brand?post=431"},{"taxonomy":"product_cat","embeddable":true,"href":"https:\/\/agrotan.com\/index.php\/wp-json\/wp\/v2\/product_cat?post=431"},{"taxonomy":"product_tag","embeddable":true,"href":"https:\/\/agrotan.com\/index.php\/wp-json\/wp\/v2\/product_tag?post=431"}],"curies":[{"name":"wp","href":"https:\/\/api.w.org\/{rel}","templated":true}]}}